{"id":1275,"date":"2019-02-12T17:38:26","date_gmt":"2019-02-12T16:38:26","guid":{"rendered":"https:\/\/tapbcn.com\/dia-internacional-del-claque\/"},"modified":"2025-05-14T11:07:01","modified_gmt":"2025-05-14T09:07:01","slug":"dia-internacional-del-claque","status":"publish","type":"page","link":"https:\/\/tapbcn.com\/es\/dia-internacional-del-claque\/","title":{"rendered":"D\u00cdA INTERNACIONAL DEL CLAQU\u00c9"},"content":{"rendered":"\n<p>Desde 2003, la Associaci\u00f3 Tot pel Claqu\u00e9 empieza a organizar actividades en Barcelona para celebrar el D\u00eda Internacional del Claqu\u00e9, entre ellas el Claqu\u00e9 en la Calle, actividad que a\u00fan se hace cada a\u00f1o desde 2004, donde se re\u00fanen escuelas, alumnos\/as, profesores\/as, tiendas especializadas en este estilo de danza y amantes del claqu\u00e9, para celebrar este d\u00eda. D\u00eda en qu\u00e9 naci\u00f3 el bailar\u00edn <a href=\"https:\/\/es.wikipedia.org\/wiki\/Bill_Robinson\">Bill \u00abBojangles\u00bb Robinson<\/a> (25 de Mayo del 1878).<\/p>\n\n<p>Este a\u00f1o 2025, los eventos ser\u00e1n los siguientes:<\/p>\n\n<p><\/p>\n\n<p><strong>Showcase d&#8217;escoles<\/strong><br\/>&#8211;\u00a0<em>Cu\u00e1ndo?<\/em> S\u00e1bado 24 de mayo a las 19h<br\/>&#8211;\u00a0<em>D\u00f3nde?<\/em>\u00a0Al\u00a0<a href=\"https:\/\/goo.gl\/maps\/wGfcPeEbURMDdwoH7\" data-type=\"URL\" data-id=\"https:\/\/goo.gl\/maps\/wGfcPeEbURMDdwoH7\">Golem&#8217;s Teatre<\/a><\/p>\n\n<p><strong>Claqu\u00e9 al carrer<\/strong><br\/>&#8211; <em>Cu\u00e1ndo?<\/em> Domingo 25 de mayo a las 11h<\/p>\n\n<p><strong>Espectacle d&#8217;aniversari de l&#8217;Associaci\u00f3 i Premi claqueta<\/strong><br\/>&#8211;\u00a0<em>Cu\u00e1ndo?<\/em> Domingo 25 de mayo a las 17:30h<br\/>&#8211;\u00a0<em>D\u00f3nde?<\/em>\u00a0Al\u00a0<a href=\"https:\/\/goo.gl\/maps\/wGfcPeEbURMDdwoH7\" data-type=\"URL\" data-id=\"https:\/\/goo.gl\/maps\/wGfcPeEbURMDdwoH7\">Golem&#8217;s Teatre<\/a><\/p>\n\n<p><\/p>\n\n<p><\/p>\n\n<p>Este es tu festival, y es posible gracias al entusiasmo incansable de muchas personas que orbitan y que est\u00e1n dentro del mundo del claqu\u00e9. Quieres aportar tu granito de arena? Solo es necesario que vengas a los eventos y, si quieres, puedes <a href=\"https:\/\/tapbcn.com\/es\/hacerse-socio\/\">hacerte socio o socia de la Associaci\u00f3<\/a>. Cualquier duda nos la puedes hacer llegar a <strong>info@tapbcn.com<\/strong>.<\/p>\n\n<p><\/p>\n\n<p><strong>Feliz D\u00eda Internacional del Claqu\u00e9!<\/strong><\/p>\n\n<figure class=\"wp-block-image size-large\"><img decoding=\"async\" src=\"https:\/\/tapbcn.com\/wp-content\/uploads\/2022\/05\/semana-claque-1-1024x683.jpg\" alt=\"\" class=\"wp-image-2319\"\/><\/figure>\n\n<div class=\"wp-block-coblocks-row coblocks-row-125121859608\" data-columns=\"2\" data-layout=\"50-50\"><div class=\"wp-block-coblocks-row__inner has-no-padding has-no-margin is-stacked-on-mobile has-medium-gutter\">\n<div class=\"wp-block-coblocks-column coblocks-column-1251219351\" style=\"width: 50%;\">\r\n<div class=\"wp-block-coblocks-column__inner has-no-padding has-no-margin\"><\/div><br><\/div>\n\n\n\n<div class=\"wp-block-coblocks-column coblocks-column-1251219358\" style=\"width:50%\"><div class=\"wp-block-coblocks-column__inner has-no-padding has-no-margin\">\n<p><\/p>\n<\/div><\/div>\n<\/div><\/div>\n","protected":false},"excerpt":{"rendered":"<p>Desde 2003, la Associaci\u00f3 Tot pel Claqu\u00e9 empieza a organizar actividades en Barcelona para celebrar el D\u00eda Internacional del Claqu\u00e9, entre ellas el Claqu\u00e9 en la Calle, actividad que a\u00fan se hace cada a\u00f1o desde 2004, donde se re\u00fanen escuelas, alumnos\/as, profesores\/as, tiendas especializadas en este estilo de danza y amantes del claqu\u00e9, para celebrar [&hellip;]<\/p>\n","protected":false},"author":1,"featured_media":0,"parent":0,"menu_order":0,"comment_status":"closed","ping_status":"closed","template":"","meta":{"_coblocks_attr":"","_coblocks_dimensions":"","_coblocks_responsive_height":"","_coblocks_accordion_ie_support":"","_genesis_hide_title":false,"_genesis_hide_breadcrumbs":false,"_genesis_hide_singular_image":false,"_genesis_hide_footer_widgets":false,"_genesis_custom_body_class":"","_genesis_custom_post_class":"","_genesis_layout":"","footnotes":""},"class_list":{"0":"post-1275","1":"page","2":"type-page","3":"status-publish","5":"entry","6":"has-post-thumbnail"},"_links":{"self":[{"href":"https:\/\/tapbcn.com\/es\/wp-json\/wp\/v2\/pages\/1275","targetHints":{"allow":["GET"]}}],"collection":[{"href":"https:\/\/tapbcn.com\/es\/wp-json\/wp\/v2\/pages"}],"about":[{"href":"https:\/\/tapbcn.com\/es\/wp-json\/wp\/v2\/types\/page"}],"author":[{"embeddable":true,"href":"https:\/\/tapbcn.com\/es\/wp-json\/wp\/v2\/users\/1"}],"replies":[{"embeddable":true,"href":"https:\/\/tapbcn.com\/es\/wp-json\/wp\/v2\/comments?post=1275"}],"version-history":[{"count":7,"href":"https:\/\/tapbcn.com\/es\/wp-json\/wp\/v2\/pages\/1275\/revisions"}],"predecessor-version":[{"id":2510,"href":"https:\/\/tapbcn.com\/es\/wp-json\/wp\/v2\/pages\/1275\/revisions\/2510"}],"wp:attachment":[{"href":"https:\/\/tapbcn.com\/es\/wp-json\/wp\/v2\/media?parent=1275"}],"curies":[{"name":"wp","href":"https:\/\/api.w.org\/{rel}","templated":true}]}}