{"id":1254,"date":"2019-02-12T17:37:10","date_gmt":"2019-02-12T16:37:10","guid":{"rendered":"https:\/\/tapbcn.com\/fes-te-soci\/"},"modified":"2024-01-29T22:04:31","modified_gmt":"2024-01-29T21:04:31","slug":"hacerse-socio","status":"publish","type":"page","link":"https:\/\/tapbcn.com\/es\/hacerse-socio\/","title":{"rendered":"HACERSE SOCIO"},"content":{"rendered":"\n<p>Haci\u00e9ndote socio colaboras a que el claqu\u00e9 tenga una asociaci\u00f3n capaz de negociar, organizar y crear v\u00ednculos con las instituci\u00f3n con tal de potenciar esta disciplina.<\/p>\n\n\n\n<p><strong>Y por solo&#8230;<\/strong><\/p>\n\n\n\n<p><strong>40\u20ac al a\u00f1o!<\/strong><\/p>\n\n\n\n<p>Repartido en 2 cobros: 20\u20ac en febrero y 20\u20ac en septiembre!<\/p>\n\n\n\n<p><\/p>\n\n\n\n<h4 class=\"wp-block-heading\"><h4>OFERTAS I SERVICIOS DE LA ASOCIACI\u00d3N TOT PEL CLAQU\u00c9:<\/h4><\/h4>\n\n\n\n<p>1) Teatros\r\n2) Descuentos en tiendas especializadas\r\n3) Salas de ensayo\r\n4) Servicios de gestor\u00eda<\/p>\n\n\n\n<p>Y muchos m\u00e1s!\r\nInf\u00f3rmate en la secci\u00f3n&nbsp;<a href=\"https:\/\/tapbcn.com\/es\/ofertas-y-descuentos\/\">Ofertas y descuentos<\/a>!<\/p>\n\n\n\n<p>Con tu carnet disfrutar\u00e1s de las mejores ofertas y descuentos!<\/p>\n\n\n\n<p>Datos personales para hacerse socio. Rellena el siguiente documento y envialo a&nbsp;<a href=\"mailto:info@tapbcn.com\" target=\"_blank\" rel=\"noreferrer noopener\">info@tapbcn.com<\/a>:<\/p>\n\n\n\n<div data-wp-interactive=\"core\/file\" class=\"wp-block-file\"><object data-wp-bind--hidden=\"!state.hasPdfPreview\" hidden class=\"wp-block-file__embed\" data=\"https:\/\/tapbcn.com\/wp-content\/uploads\/2024\/01\/Formulari-socis-2021-11-es.pdf\" type=\"application\/pdf\" style=\"width:100%;height:600px\" aria-label=\"Incrustado de Formulari-socis-2021-11-es.\"><\/object><a id=\"wp-block-file--media-c2dc4496-d80e-451f-8c89-e9cabaac5ad9\" href=\"https:\/\/tapbcn.com\/wp-content\/uploads\/2024\/01\/Formulari-socis-2021-11-es.pdf\">Formulari-socis-2021-11-es<\/a><a href=\"https:\/\/tapbcn.com\/wp-content\/uploads\/2024\/01\/Formulari-socis-2021-11-es.pdf\" class=\"wp-block-file__button wp-element-button\" download aria-describedby=\"wp-block-file--media-c2dc4496-d80e-451f-8c89-e9cabaac5ad9\">Descarga<\/a><\/div>\n\n\n\n<p><\/p>\n","protected":false},"excerpt":{"rendered":"<p>Haci\u00e9ndote socio colaboras a que el claqu\u00e9 tenga una asociaci\u00f3n capaz de negociar, organizar y crear v\u00ednculos con las instituci\u00f3n con tal de potenciar esta disciplina. Y por solo&#8230; 40\u20ac al a\u00f1o! Repartido en 2 cobros: 20\u20ac en febrero y 20\u20ac en septiembre! OFERTAS I SERVICIOS DE LA ASOCIACI\u00d3N TOT PEL CLAQU\u00c9: 1) Teatros 2) [&hellip;]<\/p>\n","protected":false},"author":1,"featured_media":0,"parent":0,"menu_order":0,"comment_status":"closed","ping_status":"closed","template":"","meta":{"_coblocks_attr":"","_coblocks_dimensions":"","_coblocks_responsive_height":"","_coblocks_accordion_ie_support":"","_genesis_hide_title":false,"_genesis_hide_breadcrumbs":false,"_genesis_hide_singular_image":false,"_genesis_hide_footer_widgets":false,"_genesis_custom_body_class":"","_genesis_custom_post_class":"","_genesis_layout":"","footnotes":""},"class_list":{"0":"post-1254","1":"page","2":"type-page","3":"status-publish","5":"entry","6":"has-post-thumbnail"},"_links":{"self":[{"href":"https:\/\/tapbcn.com\/es\/wp-json\/wp\/v2\/pages\/1254","targetHints":{"allow":["GET"]}}],"collection":[{"href":"https:\/\/tapbcn.com\/es\/wp-json\/wp\/v2\/pages"}],"about":[{"href":"https:\/\/tapbcn.com\/es\/wp-json\/wp\/v2\/types\/page"}],"author":[{"embeddable":true,"href":"https:\/\/tapbcn.com\/es\/wp-json\/wp\/v2\/users\/1"}],"replies":[{"embeddable":true,"href":"https:\/\/tapbcn.com\/es\/wp-json\/wp\/v2\/comments?post=1254"}],"version-history":[{"count":5,"href":"https:\/\/tapbcn.com\/es\/wp-json\/wp\/v2\/pages\/1254\/revisions"}],"predecessor-version":[{"id":2433,"href":"https:\/\/tapbcn.com\/es\/wp-json\/wp\/v2\/pages\/1254\/revisions\/2433"}],"wp:attachment":[{"href":"https:\/\/tapbcn.com\/es\/wp-json\/wp\/v2\/media?parent=1254"}],"curies":[{"name":"wp","href":"https:\/\/api.w.org\/{rel}","templated":true}]}}